{"id":81,"date":"2024-08-20T20:58:07","date_gmt":"2024-08-20T18:58:07","guid":{"rendered":"http:\/\/192.168.2.22\/?page_id=81"},"modified":"2024-11-22T17:40:04","modified_gmt":"2024-11-22T16:40:04","slug":"galerie-2","status":"publish","type":"page","link":"https:\/\/www.weisenberger.bayern\/index.php\/galerie-2\/","title":{"rendered":"Galerie"},"content":{"rendered":"\n<p>Willkommen in meiner Galerie! Hier findest du eine Auswahl meiner Arbeiten, geordnet nach Themenbereichen, die mir besonders am Herzen liegen. In <em><a href=\"https:\/\/www.weisenberger.bayern\/index.php\/galerie-2\/galerie\/\">Urban Sketching<\/a><\/em> entf\u00fchre ich dich in die Lebendigkeit urbaner Landschaften, w\u00e4hrend du in <em><a href=\"https:\/\/www.weisenberger.bayern\/index.php\/galerie-2\/aquarelle\/\">Aquarelle<\/a><\/em> die Leichtigkeit und Tiefe meiner Farbwelten entdeckst. Unter <em><a href=\"https:\/\/www.weisenberger.bayern\/index.php\/galerie-2\/galerie-portraets\/\">Portr\u00e4ts<\/a><\/em> zeige ich dir pers\u00f6nliche und ausdrucksstarke Gesichter.<\/p>\n","protected":false},"excerpt":{"rendered":"<p>Willkommen in meiner Galerie! Hier findest du eine Auswahl meiner Arbeiten, geordnet nach Themenbereichen, die mir besonders am Herzen liegen. In Urban Sketching entf\u00fchre ich dich in die Lebendigkeit urbaner Landschaften, w\u00e4hrend du in Aquarelle die Leichtigkeit und Tiefe meiner Farbwelten entdeckst. Unter Portr\u00e4ts zeige ich dir pers\u00f6nliche und ausdrucksstarke Gesichter.<\/p>\n","protected":false},"author":1,"featured_media":0,"parent":0,"menu_order":0,"comment_status":"closed","ping_status":"closed","template":"","meta":{"footnotes":""},"class_list":["post-81","page","type-page","status-publish","hentry"],"yoast_head":"<!-- This site is optimized with the Yoast SEO plugin v27.6 - https:\/\/yoast.com\/product\/yoast-seo-wordpress\/ -->\n<title>Galerie - Axel Weisenberger Art<\/title>\n<meta name=\"robots\" content=\"index, follow, max-snippet:-1, max-image-preview:large, max-video-preview:-1\" \/>\n<link rel=\"canonical\" href=\"https:\/\/www.weisenberger.bayern\/index.php\/galerie-2\/\" \/>\n<meta property=\"og:locale\" content=\"de_DE\" \/>\n<meta property=\"og:type\" content=\"article\" \/>\n<meta property=\"og:title\" content=\"Galerie - Axel Weisenberger Art\" \/>\n<meta property=\"og:description\" content=\"Willkommen in meiner Galerie! Hier findest du eine Auswahl meiner Arbeiten, geordnet nach Themenbereichen, die mir besonders am Herzen liegen. In Urban Sketching entf\u00fchre ich dich in die Lebendigkeit urbaner Landschaften, w\u00e4hrend du in Aquarelle die Leichtigkeit und Tiefe meiner Farbwelten entdeckst. Unter Portr\u00e4ts zeige ich dir pers\u00f6nliche und ausdrucksstarke Gesichter.\" \/>\n<meta property=\"og:url\" content=\"https:\/\/www.weisenberger.bayern\/index.php\/galerie-2\/\" \/>\n<meta property=\"og:site_name\" content=\"Axel Weisenberger Art\" \/>\n<meta property=\"article:modified_time\" content=\"2024-11-22T16:40:04+00:00\" \/>\n<meta name=\"twitter:card\" content=\"summary_large_image\" \/>\n<meta name=\"twitter:label1\" content=\"Gesch\u00e4tzte Lesezeit\" \/>\n\t<meta name=\"twitter:data1\" content=\"1\u00a0Minute\" \/>\n<script type=\"application\/ld+json\" class=\"yoast-schema-graph\">{\"@context\":\"https:\\\/\\\/schema.org\",\"@graph\":[{\"@type\":\"WebPage\",\"@id\":\"https:\\\/\\\/www.weisenberger.bayern\\\/index.php\\\/galerie-2\\\/\",\"url\":\"https:\\\/\\\/www.weisenberger.bayern\\\/index.php\\\/galerie-2\\\/\",\"name\":\"Galerie - Axel Weisenberger Art\",\"isPartOf\":{\"@id\":\"https:\\\/\\\/www.weisenberger.bayern\\\/#website\"},\"datePublished\":\"2024-08-20T18:58:07+00:00\",\"dateModified\":\"2024-11-22T16:40:04+00:00\",\"breadcrumb\":{\"@id\":\"https:\\\/\\\/www.weisenberger.bayern\\\/index.php\\\/galerie-2\\\/#breadcrumb\"},\"inLanguage\":\"de\",\"potentialAction\":[{\"@type\":\"ReadAction\",\"target\":[\"https:\\\/\\\/www.weisenberger.bayern\\\/index.php\\\/galerie-2\\\/\"]}]},{\"@type\":\"BreadcrumbList\",\"@id\":\"https:\\\/\\\/www.weisenberger.bayern\\\/index.php\\\/galerie-2\\\/#breadcrumb\",\"itemListElement\":[{\"@type\":\"ListItem\",\"position\":1,\"name\":\"Startseite\",\"item\":\"https:\\\/\\\/www.weisenberger.bayern\\\/\"},{\"@type\":\"ListItem\",\"position\":2,\"name\":\"Galerie\"}]},{\"@type\":\"WebSite\",\"@id\":\"https:\\\/\\\/www.weisenberger.bayern\\\/#website\",\"url\":\"https:\\\/\\\/www.weisenberger.bayern\\\/\",\"name\":\"Axel Weisenberger Art\",\"description\":\"Zeichner, Dozent, Urban Sketcher\",\"publisher\":{\"@id\":\"https:\\\/\\\/www.weisenberger.bayern\\\/#organization\"},\"potentialAction\":[{\"@type\":\"SearchAction\",\"target\":{\"@type\":\"EntryPoint\",\"urlTemplate\":\"https:\\\/\\\/www.weisenberger.bayern\\\/?s={search_term_string}\"},\"query-input\":{\"@type\":\"PropertyValueSpecification\",\"valueRequired\":true,\"valueName\":\"search_term_string\"}}],\"inLanguage\":\"de\"},{\"@type\":\"Organization\",\"@id\":\"https:\\\/\\\/www.weisenberger.bayern\\\/#organization\",\"name\":\"Axel Weisenberger Art\",\"url\":\"https:\\\/\\\/www.weisenberger.bayern\\\/\",\"logo\":{\"@type\":\"ImageObject\",\"inLanguage\":\"de\",\"@id\":\"https:\\\/\\\/www.weisenberger.bayern\\\/#\\\/schema\\\/logo\\\/image\\\/\",\"url\":\"https:\\\/\\\/www.weisenberger.bayern\\\/wp-content\\\/uploads\\\/2025\\\/09\\\/Logo_Axel_0.020.png\",\"contentUrl\":\"https:\\\/\\\/www.weisenberger.bayern\\\/wp-content\\\/uploads\\\/2025\\\/09\\\/Logo_Axel_0.020.png\",\"width\":604,\"height\":609,\"caption\":\"Axel Weisenberger Art\"},\"image\":{\"@id\":\"https:\\\/\\\/www.weisenberger.bayern\\\/#\\\/schema\\\/logo\\\/image\\\/\"}}]}<\/script>\n<!-- \/ Yoast SEO plugin. -->","yoast_head_json":{"title":"Galerie - Axel Weisenberger Art","robots":{"index":"index","follow":"follow","max-snippet":"max-snippet:-1","max-image-preview":"max-image-preview:large","max-video-preview":"max-video-preview:-1"},"canonical":"https:\/\/www.weisenberger.bayern\/index.php\/galerie-2\/","og_locale":"de_DE","og_type":"article","og_title":"Galerie - Axel Weisenberger Art","og_description":"Willkommen in meiner Galerie! Hier findest du eine Auswahl meiner Arbeiten, geordnet nach Themenbereichen, die mir besonders am Herzen liegen. In Urban Sketching entf\u00fchre ich dich in die Lebendigkeit urbaner Landschaften, w\u00e4hrend du in Aquarelle die Leichtigkeit und Tiefe meiner Farbwelten entdeckst. Unter Portr\u00e4ts zeige ich dir pers\u00f6nliche und ausdrucksstarke Gesichter.","og_url":"https:\/\/www.weisenberger.bayern\/index.php\/galerie-2\/","og_site_name":"Axel Weisenberger Art","article_modified_time":"2024-11-22T16:40:04+00:00","twitter_card":"summary_large_image","twitter_misc":{"Gesch\u00e4tzte Lesezeit":"1\u00a0Minute"},"schema":{"@context":"https:\/\/schema.org","@graph":[{"@type":"WebPage","@id":"https:\/\/www.weisenberger.bayern\/index.php\/galerie-2\/","url":"https:\/\/www.weisenberger.bayern\/index.php\/galerie-2\/","name":"Galerie - Axel Weisenberger Art","isPartOf":{"@id":"https:\/\/www.weisenberger.bayern\/#website"},"datePublished":"2024-08-20T18:58:07+00:00","dateModified":"2024-11-22T16:40:04+00:00","breadcrumb":{"@id":"https:\/\/www.weisenberger.bayern\/index.php\/galerie-2\/#breadcrumb"},"inLanguage":"de","potentialAction":[{"@type":"ReadAction","target":["https:\/\/www.weisenberger.bayern\/index.php\/galerie-2\/"]}]},{"@type":"BreadcrumbList","@id":"https:\/\/www.weisenberger.bayern\/index.php\/galerie-2\/#breadcrumb","itemListElement":[{"@type":"ListItem","position":1,"name":"Startseite","item":"https:\/\/www.weisenberger.bayern\/"},{"@type":"ListItem","position":2,"name":"Galerie"}]},{"@type":"WebSite","@id":"https:\/\/www.weisenberger.bayern\/#website","url":"https:\/\/www.weisenberger.bayern\/","name":"Axel Weisenberger Art","description":"Zeichner, Dozent, Urban Sketcher","publisher":{"@id":"https:\/\/www.weisenberger.bayern\/#organization"},"potentialAction":[{"@type":"SearchAction","target":{"@type":"EntryPoint","urlTemplate":"https:\/\/www.weisenberger.bayern\/?s={search_term_string}"},"query-input":{"@type":"PropertyValueSpecification","valueRequired":true,"valueName":"search_term_string"}}],"inLanguage":"de"},{"@type":"Organization","@id":"https:\/\/www.weisenberger.bayern\/#organization","name":"Axel Weisenberger Art","url":"https:\/\/www.weisenberger.bayern\/","logo":{"@type":"ImageObject","inLanguage":"de","@id":"https:\/\/www.weisenberger.bayern\/#\/schema\/logo\/image\/","url":"https:\/\/www.weisenberger.bayern\/wp-content\/uploads\/2025\/09\/Logo_Axel_0.020.png","contentUrl":"https:\/\/www.weisenberger.bayern\/wp-content\/uploads\/2025\/09\/Logo_Axel_0.020.png","width":604,"height":609,"caption":"Axel Weisenberger Art"},"image":{"@id":"https:\/\/www.weisenberger.bayern\/#\/schema\/logo\/image\/"}}]}},"_links":{"self":[{"href":"https:\/\/www.weisenberger.bayern\/index.php\/wp-json\/wp\/v2\/pages\/81","targetHints":{"allow":["GET"]}}],"collection":[{"href":"https:\/\/www.weisenberger.bayern\/index.php\/wp-json\/wp\/v2\/pages"}],"about":[{"href":"https:\/\/www.weisenberger.bayern\/index.php\/wp-json\/wp\/v2\/types\/page"}],"author":[{"embeddable":true,"href":"https:\/\/www.weisenberger.bayern\/index.php\/wp-json\/wp\/v2\/users\/1"}],"replies":[{"embeddable":true,"href":"https:\/\/www.weisenberger.bayern\/index.php\/wp-json\/wp\/v2\/comments?post=81"}],"version-history":[{"count":1,"href":"https:\/\/www.weisenberger.bayern\/index.php\/wp-json\/wp\/v2\/pages\/81\/revisions"}],"predecessor-version":[{"id":308,"href":"https:\/\/www.weisenberger.bayern\/index.php\/wp-json\/wp\/v2\/pages\/81\/revisions\/308"}],"wp:attachment":[{"href":"https:\/\/www.weisenberger.bayern\/index.php\/wp-json\/wp\/v2\/media?parent=81"}],"curies":[{"name":"wp","href":"https:\/\/api.w.org\/{rel}","templated":true}]}}